{"id":535,"date":"2023-06-16T00:49:42","date_gmt":"2023-06-16T03:49:42","guid":{"rendered":"https:\/\/agilsegbrasil.com\/?page_id=535"},"modified":"2023-06-16T01:24:40","modified_gmt":"2023-06-16T04:24:40","slug":"sobre","status":"publish","type":"page","link":"https:\/\/agilsegbrasil.com\/?page_id=535","title":{"rendered":"Sobre"},"content":{"rendered":"\t\t<div data-elementor-type=\"wp-page\" data-elementor-id=\"535\" class=\"elementor elementor-535\">\n\t\t\t\t\t\t<section class=\"elementor-section elementor-top-section elementor-element elementor-element-d2d1799 elementor-section-boxed elementor-section-height-default elementor-section-height-default\" data-id=\"d2d1799\" data-element_type=\"section\" data-e-type=\"section\">\n\t\t\t\t\t\t<div class=\"elementor-container elementor-column-gap-default\">\n\t\t\t\t\t<div class=\"elementor-column elementor-col-33 elementor-top-column elementor-element elementor-element-3b59804\" data-id=\"3b59804\" data-element_type=\"column\" data-e-type=\"column\">\n\t\t\t<div class=\"elementor-widget-wrap elementor-element-populated\">\n\t\t\t\t\t\t<div class=\"elementor-element elementor-element-fe4f5f4 elementor-widget elementor-widget-image\" data-id=\"fe4f5f4\" data-element_type=\"widget\" data-e-type=\"widget\" data-widget_type=\"image.default\">\n\t\t\t\t<div class=\"elementor-widget-container\">\n\t\t\t\t\t\t\t\t\t\t\t\t\t\t\t<img fetchpriority=\"high\" decoding=\"async\" width=\"500\" height=\"500\" src=\"https:\/\/agilsegbrasil.com\/wp-content\/uploads\/2023\/05\/87cf46d7-8711-4912-8248-6d52a50af69e-removebg-preview.png\" class=\"attachment-large size-large wp-image-146\" alt=\"\" srcset=\"https:\/\/agilsegbrasil.com\/wp-content\/uploads\/2023\/05\/87cf46d7-8711-4912-8248-6d52a50af69e-removebg-preview.png 500w, https:\/\/agilsegbrasil.com\/wp-content\/uploads\/2023\/05\/87cf46d7-8711-4912-8248-6d52a50af69e-removebg-preview-300x300.png 300w, https:\/\/agilsegbrasil.com\/wp-content\/uploads\/2023\/05\/87cf46d7-8711-4912-8248-6d52a50af69e-removebg-preview-150x150.png 150w\" sizes=\"(max-width: 500px) 100vw, 500px\" \/>\t\t\t\t\t\t\t\t\t\t\t\t\t\t\t<\/div>\n\t\t\t\t<\/div>\n\t\t\t\t\t<\/div>\n\t\t<\/div>\n\t\t\t\t<div class=\"elementor-column elementor-col-66 elementor-top-column elementor-element elementor-element-aa56d8a\" data-id=\"aa56d8a\" data-element_type=\"column\" data-e-type=\"column\">\n\t\t\t<div class=\"elementor-widget-wrap elementor-element-populated\">\n\t\t\t\t\t\t<div class=\"elementor-element elementor-element-b93b9f0 elementor-widget elementor-widget-text-editor\" data-id=\"b93b9f0\" data-element_type=\"widget\" data-e-type=\"widget\" data-widget_type=\"text-editor.default\">\n\t\t\t\t<div class=\"elementor-widget-container\">\n\t\t\t\t\t\t\t\t\t<p><b>A AGILSEG Brasil<\/b> \u00e9 uma corretora de seguros com mais de 25 anos de mercado com a miss\u00e3o de assegurar seus clientes da melhor forma poss\u00edvel.<\/p>\t\t\t\t\t\t\t\t<\/div>\n\t\t\t\t<\/div>\n\t\t\t\t\t<\/div>\n\t\t<\/div>\n\t\t\t\t\t<\/div>\n\t\t<\/section>\n\t\t\t\t<section class=\"elementor-section elementor-top-section elementor-element elementor-element-60a45ec6 elementor-section-boxed elementor-section-height-default elementor-section-height-default\" data-id=\"60a45ec6\" data-element_type=\"section\" data-e-type=\"section\" data-settings=\"{&quot;background_background&quot;:&quot;classic&quot;}\">\n\t\t\t\t\t\t<div class=\"elementor-container elementor-column-gap-default\">\n\t\t\t\t\t<div class=\"elementor-column elementor-col-100 elementor-top-column elementor-element elementor-element-573dab9c\" data-id=\"573dab9c\" data-element_type=\"column\" data-e-type=\"column\">\n\t\t\t<div class=\"elementor-widget-wrap elementor-element-populated\">\n\t\t\t\t\t\t<div class=\"elementor-element elementor-element-78b2c90f elementor-widget elementor-widget-heading\" data-id=\"78b2c90f\" data-element_type=\"widget\" data-e-type=\"widget\" data-widget_type=\"heading.default\">\n\t\t\t\t<div class=\"elementor-widget-container\">\n\t\t\t\t\t<h2 class=\"elementor-heading-title elementor-size-default\">PENSOU EM SEGURO? PENSOU EM AGILSEGBRASIL!<\/h2>\t\t\t\t<\/div>\n\t\t\t\t<\/div>\n\t\t\t\t<section class=\"elementor-section elementor-inner-section elementor-element elementor-element-7c63f859 elementor-section-boxed elementor-section-height-default elementor-section-height-default\" data-id=\"7c63f859\" data-element_type=\"section\" data-e-type=\"section\">\n\t\t\t\t\t\t<div class=\"elementor-container elementor-column-gap-default\">\n\t\t\t\t\t<div class=\"elementor-column elementor-col-50 elementor-inner-column elementor-element elementor-element-7db2e05b\" data-id=\"7db2e05b\" data-element_type=\"column\" data-e-type=\"column\">\n\t\t\t<div class=\"elementor-widget-wrap elementor-element-populated\">\n\t\t\t\t\t\t<div class=\"elementor-element elementor-element-30e361e7 elementor-widget elementor-widget-image\" data-id=\"30e361e7\" data-element_type=\"widget\" data-e-type=\"widget\" data-widget_type=\"image.default\">\n\t\t\t\t<div class=\"elementor-widget-container\">\n\t\t\t\t\t\t\t\t\t\t\t\t\t\t\t<img decoding=\"async\" width=\"800\" height=\"800\" src=\"https:\/\/agilsegbrasil.com\/wp-content\/uploads\/2023\/06\/df65b8c4-d95c-4aa6-8612-f165308866d9-1024x1024.png\" class=\"attachment-large size-large wp-image-508\" alt=\"\" srcset=\"https:\/\/agilsegbrasil.com\/wp-content\/uploads\/2023\/06\/df65b8c4-d95c-4aa6-8612-f165308866d9-1024x1024.png 1024w, https:\/\/agilsegbrasil.com\/wp-content\/uploads\/2023\/06\/df65b8c4-d95c-4aa6-8612-f165308866d9-300x300.png 300w, https:\/\/agilsegbrasil.com\/wp-content\/uploads\/2023\/06\/df65b8c4-d95c-4aa6-8612-f165308866d9-150x150.png 150w, https:\/\/agilsegbrasil.com\/wp-content\/uploads\/2023\/06\/df65b8c4-d95c-4aa6-8612-f165308866d9-768x768.png 768w, https:\/\/agilsegbrasil.com\/wp-content\/uploads\/2023\/06\/df65b8c4-d95c-4aa6-8612-f165308866d9.png 1080w\" sizes=\"(max-width: 800px) 100vw, 800px\" \/>\t\t\t\t\t\t\t\t\t\t\t\t\t\t\t<\/div>\n\t\t\t\t<\/div>\n\t\t\t\t\t<\/div>\n\t\t<\/div>\n\t\t\t\t<div class=\"elementor-column elementor-col-50 elementor-inner-column elementor-element elementor-element-2704148\" data-id=\"2704148\" data-element_type=\"column\" data-e-type=\"column\">\n\t\t\t<div class=\"elementor-widget-wrap elementor-element-populated\">\n\t\t\t\t\t\t<div class=\"elementor-element elementor-element-7c3668e6 elementor-icon-list--layout-traditional elementor-list-item-link-full_width elementor-widget elementor-widget-icon-list\" data-id=\"7c3668e6\" data-element_type=\"widget\" data-e-type=\"widget\" data-widget_type=\"icon-list.default\">\n\t\t\t\t<div class=\"elementor-widget-container\">\n\t\t\t\t\t\t\t<ul class=\"elementor-icon-list-items\">\n\t\t\t\t\t\t\t<li class=\"elementor-icon-list-item\">\n\t\t\t\t\t\t\t\t\t\t<span class=\"elementor-icon-list-text\">+ de 25 anos de experi\u00eancia<\/span>\n\t\t\t\t\t\t\t\t\t<\/li>\n\t\t\t\t\t\t\t\t<li class=\"elementor-icon-list-item\">\n\t\t\t\t\t\t\t\t\t\t<span class=\"elementor-icon-list-text\">+ de 3.700 clientes satisfeitos<\/span>\n\t\t\t\t\t\t\t\t\t<\/li>\n\t\t\t\t\t\t\t\t<li class=\"elementor-icon-list-item\">\n\t\t\t\t\t\t\t\t\t\t<span class=\"elementor-icon-list-text\">+ de 10 op\u00e7\u00f5es de seguradoras<\/span>\n\t\t\t\t\t\t\t\t\t<\/li>\n\t\t\t\t\t\t<\/ul>\n\t\t\t\t\t\t<\/div>\n\t\t\t\t<\/div>\n\t\t\t\t\t<\/div>\n\t\t<\/div>\n\t\t\t\t\t<\/div>\n\t\t<\/section>\n\t\t\t\t\t<\/div>\n\t\t<\/div>\n\t\t\t\t\t<\/div>\n\t\t<\/section>\n\t\t\t\t<section class=\"elementor-section elementor-top-section elementor-element elementor-element-75c3659d elementor-section-content-bottom elementor-section-boxed elementor-section-height-default elementor-section-height-default\" data-id=\"75c3659d\" data-element_type=\"section\" data-e-type=\"section\" data-settings=\"{&quot;background_background&quot;:&quot;classic&quot;}\">\n\t\t\t\t\t\t<div class=\"elementor-container elementor-column-gap-no\">\n\t\t\t\t\t<div class=\"elementor-column elementor-col-50 elementor-top-column elementor-element elementor-element-408468df elementor-invisible\" data-id=\"408468df\" data-element_type=\"column\" data-e-type=\"column\" data-settings=\"{&quot;animation&quot;:&quot;fadeInLeft&quot;}\">\n\t\t\t<div class=\"elementor-widget-wrap elementor-element-populated\">\n\t\t\t\t\t\t<div class=\"elementor-element elementor-element-5d7b9608 elementor-widget elementor-widget-heading\" data-id=\"5d7b9608\" data-element_type=\"widget\" data-e-type=\"widget\" data-widget_type=\"heading.default\">\n\t\t\t\t<div class=\"elementor-widget-container\">\n\t\t\t\t\t<h2 class=\"elementor-heading-title elementor-size-default\">Fazendo o melhor para voc\u00ea todos \nos dias<\/h2>\t\t\t\t<\/div>\n\t\t\t\t<\/div>\n\t\t\t\t<div class=\"elementor-element elementor-element-29cec2cb elementor-widget elementor-widget-text-editor\" data-id=\"29cec2cb\" data-element_type=\"widget\" data-e-type=\"widget\" data-widget_type=\"text-editor.default\">\n\t\t\t\t<div class=\"elementor-widget-container\">\n\t\t\t\t\t\t\t\t\t<pre id=\"tw-target-text\" class=\"tw-data-text tw-text-large tw-ta\" dir=\"ltr\" data-placeholder=\"Tradu\u00e7\u00e3o\"><span class=\"Y2IQFc\" lang=\"pt\">Temos uma excelente equipe para lhe dar o melhor servi\u00e7o de cuidado e cuidar de  voc\u00ea e seus entes queridos. Se voc\u00ea deseja explorar mais sobre n\u00f3s e nos dar a chance de te oferecer o melhor servi\u00e7o, marque uma consulta hoje e torne-se parte de nossa comunidade.<\/span><\/pre>\t\t\t\t\t\t\t\t<\/div>\n\t\t\t\t<\/div>\n\t\t\t\t<div class=\"elementor-element elementor-element-60218445 elementor-widget elementor-widget-button\" data-id=\"60218445\" data-element_type=\"widget\" data-e-type=\"widget\" data-widget_type=\"button.default\">\n\t\t\t\t<div class=\"elementor-widget-container\">\n\t\t\t\t\t\t\t\t\t<div class=\"elementor-button-wrapper\">\n\t\t\t\t\t<a class=\"elementor-button elementor-button-link elementor-size-sm\" href=\"https:\/\/agilsegbrasil.com\/?page_id=540\">\n\t\t\t\t\t\t<span class=\"elementor-button-content-wrapper\">\n\t\t\t\t\t\t\t\t\t<span class=\"elementor-button-text\">Falar Conosco<\/span>\n\t\t\t\t\t<\/span>\n\t\t\t\t\t<\/a>\n\t\t\t\t<\/div>\n\t\t\t\t\t\t\t\t<\/div>\n\t\t\t\t<\/div>\n\t\t\t\t\t<\/div>\n\t\t<\/div>\n\t\t\t\t<div class=\"elementor-column elementor-col-50 elementor-top-column elementor-element elementor-element-4c7ed9c2\" data-id=\"4c7ed9c2\" data-element_type=\"column\" data-e-type=\"column\">\n\t\t\t<div class=\"elementor-widget-wrap elementor-element-populated\">\n\t\t\t\t\t\t<div class=\"elementor-element elementor-element-17dc844a elementor-invisible elementor-widget elementor-widget-image\" data-id=\"17dc844a\" data-element_type=\"widget\" data-e-type=\"widget\" data-settings=\"{&quot;_animation&quot;:&quot;fadeInRight&quot;}\" data-widget_type=\"image.default\">\n\t\t\t\t<div class=\"elementor-widget-container\">\n\t\t\t\t\t\t\t\t\t\t\t\t\t\t\t<img decoding=\"async\" width=\"692\" height=\"679\" src=\"https:\/\/agilsegbrasil.com\/wp-content\/uploads\/2023\/06\/ea172308-service-image.png\" class=\"attachment-full size-full wp-image-509\" alt=\"\" srcset=\"https:\/\/agilsegbrasil.com\/wp-content\/uploads\/2023\/06\/ea172308-service-image.png 692w, https:\/\/agilsegbrasil.com\/wp-content\/uploads\/2023\/06\/ea172308-service-image-300x294.png 300w\" sizes=\"(max-width: 692px) 100vw, 692px\" \/>\t\t\t\t\t\t\t\t\t\t\t\t\t\t\t<\/div>\n\t\t\t\t<\/div>\n\t\t\t\t\t<\/div>\n\t\t<\/div>\n\t\t\t\t\t<\/div>\n\t\t<\/section>\n\t\t\t\t<\/div>\n\t\t","protected":false},"excerpt":{"rendered":"<p>A AGILSEG Brasil \u00e9 uma corretora de seguros com mais de 25 anos de mercado com a miss\u00e3o de assegurar seus clientes da melhor forma poss\u00edvel. PENSOU EM SEGURO? PENSOU EM AGILSEGBRASIL! + de 25 anos de experi\u00eancia + de 3.700 clientes satisfeitos + de 10 op\u00e7\u00f5es de seguradoras Fazendo o melhor para voc\u00ea todos [&hellip;]<\/p>\n","protected":false},"author":1,"featured_media":0,"parent":0,"menu_order":0,"comment_status":"closed","ping_status":"closed","template":"","meta":{"footnotes":""},"class_list":["post-535","page","type-page","status-publish","hentry"],"_links":{"self":[{"href":"https:\/\/agilsegbrasil.com\/index.php?rest_route=\/wp\/v2\/pages\/535","targetHints":{"allow":["GET"]}}],"collection":[{"href":"https:\/\/agilsegbrasil.com\/index.php?rest_route=\/wp\/v2\/pages"}],"about":[{"href":"https:\/\/agilsegbrasil.com\/index.php?rest_route=\/wp\/v2\/types\/page"}],"author":[{"embeddable":true,"href":"https:\/\/agilsegbrasil.com\/index.php?rest_route=\/wp\/v2\/users\/1"}],"replies":[{"embeddable":true,"href":"https:\/\/agilsegbrasil.com\/index.php?rest_route=%2Fwp%2Fv2%2Fcomments&post=535"}],"version-history":[{"count":13,"href":"https:\/\/agilsegbrasil.com\/index.php?rest_route=\/wp\/v2\/pages\/535\/revisions"}],"predecessor-version":[{"id":578,"href":"https:\/\/agilsegbrasil.com\/index.php?rest_route=\/wp\/v2\/pages\/535\/revisions\/578"}],"wp:attachment":[{"href":"https:\/\/agilsegbrasil.com\/index.php?rest_route=%2Fwp%2Fv2%2Fmedia&parent=535"}],"curies":[{"name":"wp","href":"https:\/\/api.w.org\/{rel}","templated":true}]}}